{"id":694,"date":"2024-09-12T12:48:57","date_gmt":"2024-09-12T12:48:57","guid":{"rendered":"https:\/\/solarprojekt-3s.de\/?page_id=694"},"modified":"2025-11-28T09:16:57","modified_gmt":"2025-11-28T09:16:57","slug":"smart-solar-solutions","status":"publish","type":"page","link":"https:\/\/solarprojekt-3s.de\/en\/","title":{"rendered":"SOLAR PROJEKT-3S GmbH: Die L\u00f6sung f\u00fcr die Energiezukunft"},"content":{"rendered":"<p>[et_pb_section fb_built=&#8220;1&#8243; disabled_on=&#8220;off|off|off&#8220; module_id=&#8220;mood&#8220; _builder_version=&#8220;4.27.4&#8243; _module_preset=&#8220;default&#8220; background_enable_color=&#8220;off&#8220; background_enable_image=&#8220;off&#8220; background_video_mp4=&#8220;https:\/\/solarprojekt-3s.de\/wp-content\/uploads\/2024\/09\/iStock-1535128330.mp4&#8243; height=&#8220;780px&#8220; height_tablet=&#8220;780px&#8220; height_phone=&#8220;&#8220; height_last_edited=&#8220;on|phone&#8220; custom_margin=&#8220;0px|0px|0px|0px|true|true&#8220; custom_padding=&#8220;50px|0px|0px|0px|false|true&#8220; scroll_vertical_motion=&#8220;0|55|55|100|0|0|-2&#8243; motion_trigger_start=&#8220;top&#8220; hover_enabled=&#8220;0&#8243; collapsed=&#8220;off&#8220; global_colors_info=&#8220;{%22gcid-primary-color%22:%91%22background_color%22%93}&#8220; sticky_enabled=&#8220;0&#8243;][et_pb_row _builder_version=&#8220;4.27.0&#8243; _module_preset=&#8220;default&#8220; global_colors_info=&#8220;{}&#8220;][et_pb_column type=&#8220;4_4&#8243; _builder_version=&#8220;4.27.0&#8243; _module_preset=&#8220;default&#8220; global_colors_info=&#8220;{}&#8220;][et_pb_text _builder_version=&#8220;4.27.4&#8243; _module_preset=&#8220;default&#8220; text_font=&#8220;|700|||||||&#8220; text_text_color=&#8220;#FFFFFF&#8220; text_font_size=&#8220;28px&#8220; text_line_height=&#8220;1.4em&#8220; header_font=&#8220;|700|||||||&#8220; header_text_color=&#8220;#FFFFFF&#8220; header_font_size=&#8220;36px&#8220; header_line_height=&#8220;1.3em&#8220; transform_translate_linked=&#8220;off&#8220; custom_margin=&#8220;60px||||false|false&#8220; custom_margin_tablet=&#8220;0px||||false|false&#8220; custom_margin_phone=&#8220;0px||||false|false&#8220; custom_margin_last_edited=&#8220;on|desktop&#8220; custom_padding=&#8220;||||false|false&#8220; scroll_vertical_motion=&#8220;0|49|49|100|0|0|2.5&#8243; scroll_horizontal_motion=&#8220;0|90|90|100|-1|2|6&#8243; scroll_fade=&#8220;0|50|50|100|100%|100|50%&#8220; scroll_scaling=&#8220;0|58|58|100|100%|100%|300%&#8220; motion_trigger_start=&#8220;bottom&#8220; text_font_size_tablet=&#8220;28px&#8220; text_font_size_phone=&#8220;22px&#8220; text_font_size_last_edited=&#8220;on|phone&#8220; header_font_size_tablet=&#8220;36px&#8220; header_font_size_phone=&#8220;28px&#8220; header_font_size_last_edited=&#8220;on|phone&#8220; custom_css_main_element=&#8220;z-index:99;&#8220; text_text_shadow_style=&#8220;preset1&#8243; text_text_shadow_horizontal_length=&#8220;0.02em&#8220; text_text_shadow_vertical_length=&#8220;0.11em&#8220; text_text_shadow_blur_strength=&#8220;0.11em&#8220; text_text_shadow_color=&#8220;rgba(0,0,0,0.76)&#8220; global_colors_info=&#8220;{}&#8220;]<\/p>\n<h1>F\u00fcr welchen Bereich ben\u00f6tigen Sie L\u00f6sungen?<\/h1>\n<p>[\/et_pb_text][\/et_pb_column][\/et_pb_row][et_pb_row column_structure=&#8220;1_3,1_3,1_3&#8243; _builder_version=&#8220;4.27.0&#8243; _module_preset=&#8220;default&#8220; max_width_tablet=&#8220;&#8220; max_width_phone=&#8220;100%&#8220; max_width_last_edited=&#8220;on|phone&#8220; custom_margin=&#8220;||||true|true&#8220; custom_padding=&#8220;||||false|false&#8220; global_colors_info=&#8220;{}&#8220;][et_pb_column type=&#8220;1_3&#8243; _builder_version=&#8220;4.27.0&#8243; _module_preset=&#8220;default&#8220; custom_padding=&#8220;0px|0px|0px|0px|false|false&#8220; global_colors_info=&#8220;{}&#8220;][et_pb_text _builder_version=&#8220;4.27.0&#8243; _dynamic_attributes=&#8220;link_option_url&#8220; _module_preset=&#8220;default&#8220; text_font=&#8220;||||||||&#8220; text_text_color=&#8220;#000000&#8243; text_font_size=&#8220;16px&#8220; header_2_font=&#8220;|700||on|||||&#8220; header_2_font_size=&#8220;32px&#8220; header_2_line_height=&#8220;1.3em&#8220; background_color=&#8220;rgba(255,255,255,0.52)&#8220; background_image=&#8220;https:\/\/solarprojekt-3s.de\/wp-content\/uploads\/2024\/08\/solarstrom-fuer-mehrfamilienhauser.webp&#8220; height=&#8220;250px&#8220; height_tablet=&#8220;250px&#8220; height_phone=&#8220;150px&#8220; height_last_edited=&#8220;on|phone&#8220; custom_margin=&#8220;||0px||false|false&#8220; custom_padding=&#8220;14px|20px|20px|20px|false|true&#8220; custom_padding_tablet=&#8220;14px|20px|20px|20px|false|true&#8220; custom_padding_phone=&#8220;0px|0px|0px|0px|false|true&#8220; custom_padding_last_edited=&#8220;on|phone&#8220; link_option_url=&#8220;@ET-DC@eyJkeW5hbWljIjp0cnVlLCJjb250ZW50IjoicG9zdF9saW5rX3VybF9wYWdlIiwic2V0dGluZ3MiOnsicG9zdF9pZCI6IjY0OCJ9fQ==@&#8220; border_radii=&#8220;off|12px|12px||&#8220; box_shadow_style=&#8220;preset2&#8243; global_colors_info=&#8220;{}&#8220;][\/et_pb_text][et_pb_text _builder_version=&#8220;4.27.4&#8243; _dynamic_attributes=&#8220;link_option_url&#8220; _module_preset=&#8220;default&#8220; text_font=&#8220;||||||||&#8220; text_text_color=&#8220;#000000&#8243; text_font_size=&#8220;16px&#8220; header_2_font=&#8220;|700||on|||||&#8220; header_2_line_height=&#8220;1.3em&#8220; background_color=&#8220;#FFFFFF&#8220; background_enable_image=&#8220;off&#8220; background_size=&#8220;initial&#8220; background_position=&#8220;center_left&#8220; background_horizontal_offset=&#8220;1%&#8220; text_orientation=&#8220;right&#8220; custom_margin=&#8220;0px||0px||true|false&#8220; custom_padding=&#8220;25px|20px|20px|20px|false|true&#8220; custom_padding_tablet=&#8220;14px|20px|20px|20px|false|true&#8220; custom_padding_phone=&#8220;9px|12px|0px|12px|false|true&#8220; custom_padding_last_edited=&#8220;on|phone&#8220; link_option_url=&#8220;@ET-DC@eyJkeW5hbWljIjp0cnVlLCJjb250ZW50IjoicG9zdF9saW5rX3VybF9wYWdlIiwic2V0dGluZ3MiOnsicG9zdF9pZCI6IjY0OCJ9fQ==@&#8220; header_font_size_tablet=&#8220;&#8220; header_font_size_phone=&#8220;25px&#8220; header_font_size_last_edited=&#8220;on|phone&#8220; header_2_font_size_tablet=&#8220;28px&#8220; header_2_font_size_phone=&#8220;18px&#8220; header_2_font_size_last_edited=&#8220;on|phone&#8220; border_radii=&#8220;off|||12px|12px&#8220; box_shadow_style=&#8220;preset2&#8243; global_colors_info=&#8220;{}&#8220;]<\/p>\n<h2>Wohnwirtschaftliche Nutzung<\/h2>\n<p>[\/et_pb_text][\/et_pb_column][et_pb_column type=&#8220;1_3&#8243; _builder_version=&#8220;4.27.0&#8243; _module_preset=&#8220;default&#8220; custom_padding=&#8220;0px|0px|0px|0px|true|true&#8220; global_colors_info=&#8220;{}&#8220;][et_pb_text _builder_version=&#8220;4.27.0&#8243; _dynamic_attributes=&#8220;link_option_url&#8220; _module_preset=&#8220;default&#8220; text_font=&#8220;||||||||&#8220; text_text_color=&#8220;#000000&#8243; text_font_size=&#8220;16px&#8220; header_2_font=&#8220;|700||on|||||&#8220; header_2_font_size=&#8220;32px&#8220; header_2_line_height=&#8220;1.3em&#8220; background_color=&#8220;rgba(255,255,255,0.52)&#8220; background_image=&#8220;https:\/\/solarprojekt-3s.de\/wp-content\/uploads\/2024\/09\/ki-strom.webp&#8220; height=&#8220;250px&#8220; height_tablet=&#8220;250px&#8220; height_phone=&#8220;150px&#8220; height_last_edited=&#8220;on|desktop&#8220; custom_margin=&#8220;||0px||false|false&#8220; custom_padding=&#8220;14px|20px|20px|20px|false|true&#8220; custom_padding_tablet=&#8220;14px|20px|20px|20px|false|true&#8220; custom_padding_phone=&#8220;0px|0px|0px|0px|false|true&#8220; custom_padding_last_edited=&#8220;on|phone&#8220; link_option_url=&#8220;@ET-DC@eyJkeW5hbWljIjp0cnVlLCJjb250ZW50IjoicG9zdF9saW5rX3VybF9wYWdlIiwic2V0dGluZ3MiOnsicG9zdF9pZCI6IjY4MiJ9fQ==@&#8220; border_radii=&#8220;off|12px|12px||&#8220; box_shadow_style=&#8220;preset2&#8243; global_colors_info=&#8220;{}&#8220;][\/et_pb_text][et_pb_text _builder_version=&#8220;4.27.4&#8243; _dynamic_attributes=&#8220;link_option_url&#8220; _module_preset=&#8220;default&#8220; text_font=&#8220;||||||||&#8220; text_text_color=&#8220;#000000&#8243; text_font_size=&#8220;16px&#8220; header_2_font=&#8220;|700||on|||||&#8220; header_2_line_height=&#8220;1.3em&#8220; background_color=&#8220;#FFFFFF&#8220; background_enable_image=&#8220;off&#8220; background_size=&#8220;contain&#8220; background_position=&#8220;center_left&#8220; background_horizontal_offset=&#8220;1%&#8220; text_orientation=&#8220;right&#8220; custom_margin=&#8220;0px||||false|false&#8220; custom_padding=&#8220;25px|20px|20px|20px|false|true&#8220; custom_padding_tablet=&#8220;14px|20px|20px|20px|false|true&#8220; custom_padding_phone=&#8220;9px|12px|0px|120px|false|false&#8220; custom_padding_last_edited=&#8220;on|phone&#8220; link_option_url=&#8220;@ET-DC@eyJkeW5hbWljIjp0cnVlLCJjb250ZW50IjoicG9zdF9saW5rX3VybF9wYWdlIiwic2V0dGluZ3MiOnsicG9zdF9pZCI6IjY4MiJ9fQ==@&#8220; header_2_font_size_tablet=&#8220;28px&#8220; header_2_font_size_phone=&#8220;18px&#8220; header_2_font_size_last_edited=&#8220;on|phone&#8220; border_radii=&#8220;off|||12px|12px&#8220; box_shadow_style=&#8220;preset2&#8243; global_colors_info=&#8220;{}&#8220;]<\/p>\n<h2>Gewerbliche <br \/>Nutzung<\/h2>\n<p>[\/et_pb_text][\/et_pb_column][et_pb_column type=&#8220;1_3&#8243; _builder_version=&#8220;4.27.0&#8243; _module_preset=&#8220;default&#8220; custom_padding=&#8220;0px|0px|0px|0px|true|true&#8220; global_colors_info=&#8220;{}&#8220;][et_pb_text _builder_version=&#8220;4.27.4&#8243; _dynamic_attributes=&#8220;link_option_url&#8220; _module_preset=&#8220;default&#8220; text_font=&#8220;||||||||&#8220; text_text_color=&#8220;#000000&#8243; text_font_size=&#8220;16px&#8220; header_2_font=&#8220;|700||on|||||&#8220; header_2_font_size=&#8220;32px&#8220; header_2_line_height=&#8220;1.3em&#8220; background_color=&#8220;rgba(255,255,255,0.52)&#8220; background_image=&#8220;https:\/\/solarprojekt-3s.de\/wp-content\/uploads\/2025\/09\/privatnutzung.webp&#8220; height=&#8220;250px&#8220; height_tablet=&#8220;250px&#8220; height_phone=&#8220;150px&#8220; height_last_edited=&#8220;on|desktop&#8220; custom_margin=&#8220;||0px||false|false&#8220; custom_padding=&#8220;14px|20px|20px|20px|false|true&#8220; custom_padding_tablet=&#8220;14px|20px|20px|20px|false|true&#8220; custom_padding_phone=&#8220;0px|0px|0px|0px|false|true&#8220; custom_padding_last_edited=&#8220;on|phone&#8220; link_option_url=&#8220;@ET-DC@eyJkeW5hbWljIjp0cnVlLCJjb250ZW50IjoicG9zdF9saW5rX3VybF9wYWdlIiwic2V0dGluZ3MiOnsicG9zdF9pZCI6IjgzNyJ9fQ==@&#8220; border_radii=&#8220;off|12px|12px||&#8220; box_shadow_style=&#8220;preset2&#8243; global_colors_info=&#8220;{}&#8220;][\/et_pb_text][et_pb_text _builder_version=&#8220;4.27.4&#8243; _dynamic_attributes=&#8220;link_option_url&#8220; _module_preset=&#8220;default&#8220; text_font=&#8220;||||||||&#8220; text_text_color=&#8220;#000000&#8243; text_font_size=&#8220;16px&#8220; header_2_font=&#8220;|700||on|||||&#8220; header_2_line_height=&#8220;1.3em&#8220; background_color=&#8220;#FFFFFF&#8220; background_enable_image=&#8220;off&#8220; background_size=&#8220;contain&#8220; background_position=&#8220;center_left&#8220; background_horizontal_offset=&#8220;1%&#8220; text_orientation=&#8220;right&#8220; custom_margin=&#8220;0px||||false|false&#8220; custom_padding=&#8220;25px|20px|20px|20px|false|true&#8220; custom_padding_tablet=&#8220;14px|20px|20px|20px|false|true&#8220; custom_padding_phone=&#8220;9px|12px|0px|120px|false|false&#8220; custom_padding_last_edited=&#8220;on|phone&#8220; link_option_url=&#8220;@ET-DC@eyJkeW5hbWljIjp0cnVlLCJjb250ZW50IjoicG9zdF9saW5rX3VybF9wYWdlIiwic2V0dGluZ3MiOnsicG9zdF9pZCI6IjgzNyJ9fQ==@&#8220; header_2_font_size_tablet=&#8220;28px&#8220; header_2_font_size_phone=&#8220;18px&#8220; header_2_font_size_last_edited=&#8220;on|phone&#8220; border_radii=&#8220;off|||12px|12px&#8220; box_shadow_style=&#8220;preset2&#8243; global_colors_info=&#8220;{}&#8220;]<\/p>\n<h2>Private<br \/>Nutzung<\/h2>\n<p>[\/et_pb_text][\/et_pb_column][\/et_pb_row][\/et_pb_section]<\/p>\n","protected":false},"excerpt":{"rendered":"<p>F\u00fcr welchen Bereich ben\u00f6tigen Sie L\u00f6sungen?Wohnwirtschaftliche NutzungGewerbliche NutzungPrivateNutzung<\/p>","protected":false},"author":1,"featured_media":0,"parent":0,"menu_order":0,"comment_status":"closed","ping_status":"closed","template":"","meta":{"_et_pb_use_builder":"on","_et_pb_old_content":"","_et_gb_content_width":"","footnotes":""},"class_list":["post-694","page","type-page","status-publish","hentry"],"_links":{"self":[{"href":"https:\/\/solarprojekt-3s.de\/en\/wp-json\/wp\/v2\/pages\/694","targetHints":{"allow":["GET"]}}],"collection":[{"href":"https:\/\/solarprojekt-3s.de\/en\/wp-json\/wp\/v2\/pages"}],"about":[{"href":"https:\/\/solarprojekt-3s.de\/en\/wp-json\/wp\/v2\/types\/page"}],"author":[{"embeddable":true,"href":"https:\/\/solarprojekt-3s.de\/en\/wp-json\/wp\/v2\/users\/1"}],"replies":[{"embeddable":true,"href":"https:\/\/solarprojekt-3s.de\/en\/wp-json\/wp\/v2\/comments?post=694"}],"version-history":[{"count":24,"href":"https:\/\/solarprojekt-3s.de\/en\/wp-json\/wp\/v2\/pages\/694\/revisions"}],"predecessor-version":[{"id":850,"href":"https:\/\/solarprojekt-3s.de\/en\/wp-json\/wp\/v2\/pages\/694\/revisions\/850"}],"wp:attachment":[{"href":"https:\/\/solarprojekt-3s.de\/en\/wp-json\/wp\/v2\/media?parent=694"}],"curies":[{"name":"wp","href":"https:\/\/api.w.org\/{rel}","templated":true}]}}