{"id":767,"date":"2025-04-14T13:14:24","date_gmt":"2025-04-14T13:14:24","guid":{"rendered":"https:\/\/solarprojekt-3s.de\/?page_id=767"},"modified":"2025-04-14T13:26:18","modified_gmt":"2025-04-14T13:26:18","slug":"mieterstrom","status":"publish","type":"page","link":"https:\/\/solarprojekt-3s.de\/en\/mieterstrom\/","title":{"rendered":"Mieterstrom &#8211; Nachhaltige Energie direkt vom Dach f\u00fcr alle"},"content":{"rendered":"<p>[et_pb_section fb_built=&#8220;1&#8243; disabled_on=&#8220;off|off|off&#8220; module_id=&#8220;mood&#8220; _builder_version=&#8220;4.27.4&#8243; _module_preset=&#8220;default&#8220; background_image=&#8220;https:\/\/solarprojekt-3s.de\/wp-content\/uploads\/2025\/04\/mieterstrom-durch-pv-anlage.jpg&#8220; min_height=&#8220;500px&#8220; custom_margin=&#8220;0px|0px|0px|0px|true|true&#8220; custom_padding=&#8220;50px|0px|0px|0px|false|true&#8220; scroll_vertical_motion=&#8220;0|55|55|100|0|0|-2&#8243; motion_trigger_start=&#8220;top&#8220; collapsed=&#8220;off&#8220; global_colors_info=&#8220;{}&#8220;][et_pb_row column_structure=&#8220;1_2,1_2&#8243; _builder_version=&#8220;4.25.1&#8243; _module_preset=&#8220;default&#8220; max_width_tablet=&#8220;&#8220; max_width_phone=&#8220;100%&#8220; max_width_last_edited=&#8220;on|phone&#8220; global_colors_info=&#8220;{}&#8220;][et_pb_column type=&#8220;1_2&#8243; _builder_version=&#8220;4.19.1&#8243; _module_preset=&#8220;default&#8220; global_colors_info=&#8220;{}&#8220;][et_pb_text _builder_version=&#8220;4.27.4&#8243; _module_preset=&#8220;default&#8220; text_font=&#8220;|700|||||||&#8220; text_text_color=&#8220;#000000&#8243; text_font_size=&#8220;39px&#8220; text_line_height=&#8220;1.4em&#8220; header_font=&#8220;|700|||||||&#8220; header_text_color=&#8220;#000000&#8243; header_font_size=&#8220;36px&#8220; header_line_height=&#8220;1.3em&#8220; transform_translate_linked=&#8220;off&#8220; custom_margin=&#8220;100px||||false|false&#8220; custom_padding=&#8220;||||false|false&#8220; scroll_vertical_motion=&#8220;0|49|49|100|0|0|2.5&#8243; scroll_horizontal_motion=&#8220;0|90|90|100|-1|2|6&#8243; scroll_fade=&#8220;0|50|50|100|100%|100|50%&#8220; scroll_scaling=&#8220;0|58|58|100|100%|100%|300%&#8220; motion_trigger_start=&#8220;bottom&#8220; header_font_size_tablet=&#8220;36px&#8220; header_font_size_phone=&#8220;28px&#8220; header_font_size_last_edited=&#8220;on|phone&#8220; custom_css_main_element=&#8220;z-index:99;&#8220; global_colors_info=&#8220;{}&#8220;]<\/p>\n<h1><strong>Mieterstrom: <\/strong><strong>Nachhaltige Energie direkt vom Dach f\u00fcr alle<\/strong><\/h1>\n<p>[\/et_pb_text][et_pb_text _builder_version=&#8220;4.27.4&#8243; _module_preset=&#8220;default&#8220; text_font=&#8220;||||||||&#8220; text_text_color=&#8220;#000000&#8243; text_font_size=&#8220;16px&#8220; background_color=&#8220;rgba(255,255,255,0.9)&#8220; custom_margin=&#8220;50px||50px||true|false&#8220; custom_padding=&#8220;14px|20px|20px|20px|false|true&#8220; custom_padding_tablet=&#8220;14px|20px|20px|20px|false|true&#8220; custom_padding_phone=&#8220;0px|0px|0px|0px|false|true&#8220; custom_padding_last_edited=&#8220;on|phone&#8220; border_radii=&#8220;on|12px|12px|12px|12px&#8220; global_colors_info=&#8220;{}&#8220;]<\/p>\n<p>Mieterstrom ist eine zukunftsweisende M\u00f6glichkeit, die Energiewende voranzutreiben und dabei die Stromkosten f\u00fcr Mieter zu senken. Dieses innovative Modell bietet sowohl Mietern als auch Vermietern zahlreiche Vorteile und bringt saubere Energie direkt in Mehrfamilienh\u00e4user. Besonders Unternehmen wie SolarProjekt 3S unterst\u00fctzen dabei, die Potenziale von Mieterstrom vollst\u00e4ndig auszusch\u00f6pfen. Doch was genau verbirgt sich hinter dem Begriff und wie funktioniert dieses Konzept?<\/p>\n<p>[\/et_pb_text][\/et_pb_column][et_pb_column type=&#8220;1_2&#8243; _builder_version=&#8220;4.19.1&#8243; _module_preset=&#8220;default&#8220; global_colors_info=&#8220;{}&#8220;][\/et_pb_column][\/et_pb_row][\/et_pb_section][et_pb_section fb_built=&#8220;1&#8243; module_id=&#8220;pv-pakete&#8220; _builder_version=&#8220;4.25.1&#8243; _module_preset=&#8220;default&#8220; max_width_tablet=&#8220;&#8220; max_width_phone=&#8220;&#8220; max_width_last_edited=&#8220;on|desktop&#8220; global_colors_info=&#8220;{}&#8220;][et_pb_row column_structure=&#8220;1_2,1_2&#8243; _builder_version=&#8220;4.25.1&#8243; _module_preset=&#8220;default&#8220; max_width_tablet=&#8220;&#8220; max_width_phone=&#8220;100%&#8220; max_width_last_edited=&#8220;on|phone&#8220; global_colors_info=&#8220;{}&#8220;][et_pb_column type=&#8220;1_2&#8243; _builder_version=&#8220;4.19.1&#8243; _module_preset=&#8220;default&#8220; global_colors_info=&#8220;{}&#8220;][et_pb_text _builder_version=&#8220;4.27.4&#8243; _module_preset=&#8220;default&#8220; text_font=&#8220;|700|||||||&#8220; text_text_color=&#8220;#000000&#8243; text_font_size=&#8220;36px&#8220; text_line_height=&#8220;1.3em&#8220; header_2_font=&#8220;|700|||||||&#8220; header_2_text_color=&#8220;#000000&#8243; header_2_font_size=&#8220;36px&#8220; header_2_line_height=&#8220;1.3em&#8220; transform_translate_linked=&#8220;off&#8220; custom_margin=&#8220;||||false|false&#8220; custom_padding=&#8220;||0px||false|false&#8220; scroll_vertical_motion=&#8220;0|52|52|100|0.5|0|0&#8243; scroll_horizontal_motion=&#8220;0|52|52|100|-1|0|0&#8243; scroll_fade_enable=&#8220;on&#8220; scroll_fade=&#8220;0|100|100|100|0%|100%|100%&#8220; scroll_scaling=&#8220;0|50|50|100|150%|100%|100%&#8220; motion_trigger_start=&#8220;bottom&#8220; header_2_font_size_tablet=&#8220;36px&#8220; header_2_font_size_phone=&#8220;28px&#8220; header_2_font_size_last_edited=&#8220;on|phone&#8220; global_colors_info=&#8220;{}&#8220;]<\/p>\n<h2><strong>Was ist Mieterstrom und wie funktioniert er?<\/strong><\/h2>\n<p>[\/et_pb_text][et_pb_text _builder_version=&#8220;4.19.4&#8243; _module_preset=&#8220;default&#8220; text_font=&#8220;||||||||&#8220; text_text_color=&#8220;#000000&#8243; text_font_size=&#8220;16px&#8220; global_colors_info=&#8220;{}&#8220;]<\/p>\n<p>Mieterstrom beschreibt ein Energiekonzept, bei dem Strom vor Ort mithilfe einer Photovoltaikanlage produziert und direkt an die Mieter im Geb\u00e4ude geliefert wird. Im Gegensatz zur herk\u00f6mmlichen Energieversorgung muss der Mieterstrom nicht erst durch das \u00f6ffentliche Stromnetz geleitet werden. Die erzeugte Energie wird also ohne Umwege an die Verbraucher weitergegeben.<\/p>\n<p>[\/et_pb_text][et_pb_text _builder_version=&#8220;4.19.4&#8243; _module_preset=&#8220;default&#8220; text_font=&#8220;||||||||&#8220; text_text_color=&#8220;#000000&#8243; text_font_size=&#8220;16px&#8220; global_colors_info=&#8220;{}&#8220;]<\/p>\n<p>Bei einem Mieterstromprojekt wird in der Regel eine Solaranlage auf dem Dach des Wohngeb\u00e4udes installiert. Diese Solaranlage geh\u00f6rt entweder dem Vermieter oder wird von einem externen Dienstleister wie SolarProjekt 3S betrieben. Der erzeugte Mieterstrom wird zuerst von den Bewohnern des Geb\u00e4udes genutzt. \u00dcbersch\u00fcssige Energie, die nicht sofort vor Ort verbraucht wird, wird ins \u00f6ffentliche Netz eingespeist.<\/p>\n<p>[\/et_pb_text][\/et_pb_column][et_pb_column type=&#8220;1_2&#8243; _builder_version=&#8220;4.19.1&#8243; _module_preset=&#8220;default&#8220; global_colors_info=&#8220;{}&#8220;][et_pb_image src=&#8220;https:\/\/solarprojekt-3s.de\/wp-content\/uploads\/2023\/02\/solarprojekt3s-logo-1.png&#8220; alt=&#8220;SOLARPROJEKT 3S Logo&#8220; title_text=&#8220;solarprojekt3s-logo&#8220; _builder_version=&#8220;4.20.0&#8243; _module_preset=&#8220;default&#8220; custom_padding=&#8220;50px||||false|false&#8220; scroll_horizontal_motion=&#8220;0|50|50|100|3|0|0&#8243; scroll_scaling_enable=&#8220;on&#8220; scroll_scaling=&#8220;0|50|50|100|100%|100|120%&#8220; motion_trigger_start=&#8220;top&#8220; global_colors_info=&#8220;{}&#8220;][\/et_pb_image][et_pb_text _builder_version=&#8220;4.27.4&#8243; _module_preset=&#8220;default&#8220; global_colors_info=&#8220;{}&#8220;]<\/p>\n<h2><strong>Die Vorteile von Mieterstrom f\u00fcr Mieter<\/strong><\/h2>\n<p>[\/et_pb_text][et_pb_text _builder_version=&#8220;4.27.4&#8243; _module_preset=&#8220;default&#8220; text_font=&#8220;||||||||&#8220; text_text_color=&#8220;#000000&#8243; text_font_size=&#8220;16px&#8220; global_colors_info=&#8220;{}&#8220;]<\/p>\n<p>Mieterstrom bietet Mietern eine Vielzahl von Vorteilen:<\/p>\n<ul>\n<li><strong>Geringere Stromkosten:<\/strong> Mieterstrom ist meist g\u00fcnstiger als herk\u00f6mmlicher Haushaltsstrom, da Netzgeb\u00fchren und bestimmte Abgaben entfallen.<\/li>\n<li><strong>Klimafreundliche Energie:<\/strong> Mit Mieterstrom setzen Mieter auf erneuerbare Energien und tragen aktiv zum Klimaschutz bei.<\/li>\n<li><strong>Unabh\u00e4ngigkeit:<\/strong> Durch die Nutzung von lokal erzeugtem Mieterstrom sind Mieter weniger abh\u00e4ngig von den gro\u00dfen Energieversorgern und deren Preispolitik.<\/li>\n<\/ul>\n<p>[\/et_pb_text][\/et_pb_column][\/et_pb_row][\/et_pb_section][et_pb_section fb_built=&#8220;1&#8243; module_id=&#8220;reinigung&#8220; _builder_version=&#8220;4.27.4&#8243; _module_preset=&#8220;default&#8220; background_color=&#8220;gcid-primary-color&#8220; global_colors_info=&#8220;{%22gcid-primary-color%22:%91%22background_color%22%93}&#8220;][et_pb_row column_structure=&#8220;1_2,1_2&#8243; _builder_version=&#8220;4.25.1&#8243; _module_preset=&#8220;default&#8220; max_width_tablet=&#8220;&#8220; max_width_phone=&#8220;100%&#8220; max_width_last_edited=&#8220;on|phone&#8220; global_colors_info=&#8220;{}&#8220;][et_pb_column type=&#8220;1_2&#8243; _builder_version=&#8220;4.19.1&#8243; _module_preset=&#8220;default&#8220; global_colors_info=&#8220;{}&#8220;][et_pb_text _builder_version=&#8220;4.27.4&#8243; _module_preset=&#8220;default&#8220; text_font=&#8220;|700|||||||&#8220; text_text_color=&#8220;#FFFFFF&#8220; text_font_size=&#8220;39px&#8220; text_line_height=&#8220;1.4em&#8220; header_text_color=&#8220;#FFFFFF&#8220; header_2_font=&#8220;|700|||||||&#8220; header_2_text_color=&#8220;#000000&#8243; header_2_font_size=&#8220;28px&#8220; header_2_line_height=&#8220;1.3em&#8220; global_colors_info=&#8220;{}&#8220;]<\/p>\n<h2><span style=\"color: #ffffff;\"><strong>Warum Mieterstrom auch f\u00fcr Vermieter attraktiv ist<\/strong><\/span><\/h2>\n<p>[\/et_pb_text][et_pb_text _builder_version=&#8220;4.27.4&#8243; _module_preset=&#8220;default&#8220; text_font=&#8220;||||||||&#8220; text_text_color=&#8220;#FFFFFF&#8220; text_font_size=&#8220;16px&#8220; custom_padding=&#8220;||0px|||&#8220; global_colors_info=&#8220;{}&#8220;]<\/p>\n<p>Auch Vermieter profitieren enorm von Mieterstrom. Die Installation einer Photovoltaikanlage auf dem Geb\u00e4ude kann den Wert der Immobilie steigern und sorgt f\u00fcr ein modernes, umweltfreundliches Image. Zudem bietet die Einspeiseverg\u00fctung f\u00fcr \u00fcbersch\u00fcssigen Mieterstrom eine attraktive Einnahmequelle. Mit der Unterst\u00fctzung durch erfahrene Partner wie SolarProjekt 3S wird die Umsetzung solcher Projekte besonders einfach.<\/p>\n<p>[\/et_pb_text][et_pb_text _builder_version=&#8220;4.27.4&#8243; _module_preset=&#8220;default&#8220; text_font=&#8220;|700|||||||&#8220; text_text_color=&#8220;#000000&#8243; text_font_size=&#8220;39px&#8220; text_line_height=&#8220;1.4em&#8220; header_2_font=&#8220;|700|||||||&#8220; header_2_text_color=&#8220;#000000&#8243; header_2_font_size=&#8220;28px&#8220; header_2_line_height=&#8220;1.3em&#8220; global_colors_info=&#8220;{}&#8220;]<\/p>\n<h2><span style=\"color: #ffffff;\"><strong>Rechtliche Rahmenbedingungen f\u00fcr Mieterstrom<\/strong><\/span><\/h2>\n<p>[\/et_pb_text][et_pb_text _builder_version=&#8220;4.27.4&#8243; _module_preset=&#8220;default&#8220; text_font=&#8220;||||||||&#8220; text_text_color=&#8220;#FFFFFF&#8220; text_font_size=&#8220;16px&#8220; custom_padding=&#8220;||0px|||&#8220; global_colors_info=&#8220;{}&#8220;]<\/p>\n<p>Das Mieterstrommodell ist durch das Mieterstromgesetz geregelt. Dieses Gesetz verpflichtet Anbieter dazu, den Mieterstrom g\u00fcnstiger anzubieten als den regionalen Grundversorgungstarif. Zudem wird der nicht verbrauchte Strom, der ins \u00f6ffentliche Netz eingespeist wird, verg\u00fctet. SolarProjekt 3S begleitet Vermieter bei der Einhaltung aller gesetzlichen Anforderungen und hilft dabei, Mieterstromprojekte erfolgreich zu realisieren.<\/p>\n<p>[\/et_pb_text][\/et_pb_column][et_pb_column type=&#8220;1_2&#8243; _builder_version=&#8220;4.19.1&#8243; _module_preset=&#8220;default&#8220; global_colors_info=&#8220;{}&#8220;][et_pb_image src=&#8220;https:\/\/solarprojekt-3s.de\/wp-content\/uploads\/2025\/04\/mieterstrom-durch-photovoltaik.jpg&#8220; alt=&#8220;Solarprojekt 3s PV-Paket L&#8220; title_text=&#8220;mieterstrom-durch-photovoltaik&#8220; _builder_version=&#8220;4.27.4&#8243; _module_preset=&#8220;default&#8220; min_height=&#8220;411px&#8220; custom_margin=&#8220;125px|-3px|-1px|||&#8220; custom_padding=&#8220;||2px|||&#8220; border_radii=&#8220;on|15px|15px|15px|15px&#8220; global_colors_info=&#8220;{}&#8220;][\/et_pb_image][\/et_pb_column][\/et_pb_row][\/et_pb_section][et_pb_section fb_built=&#8220;1&#8243; module_id=&#8220;kontakt&#8220; _builder_version=&#8220;4.27.4&#8243; _module_preset=&#8220;default&#8220; background_color=&#8220;#fef0d3&#8243; global_colors_info=&#8220;{}&#8220;][et_pb_row column_structure=&#8220;1_2,1_2&#8243; custom_padding_last_edited=&#8220;on|phone&#8220; _builder_version=&#8220;4.25.1&#8243; _module_preset=&#8220;default&#8220; max_width_tablet=&#8220;&#8220; max_width_phone=&#8220;100%&#8220; max_width_last_edited=&#8220;on|phone&#8220; custom_margin=&#8220;59px|auto||auto|false|false&#8220; custom_padding=&#8220;||84px||false|false&#8220; custom_padding_tablet=&#8220;||||false|false&#8220; custom_padding_phone=&#8220;0px||||false|false&#8220; global_colors_info=&#8220;{}&#8220;][et_pb_column type=&#8220;1_2&#8243; _builder_version=&#8220;4.19.1&#8243; _module_preset=&#8220;default&#8220; global_colors_info=&#8220;{}&#8220;][et_pb_image src=&#8220;https:\/\/solarprojekt-3s.de\/wp-content\/uploads\/2024\/08\/virtuelles-summenzaehler-modell.webp&#8220; alt=&#8220;Virtuelles Summenz\u00e4hler-Modell&#8220; title_text=&#8220;virtuelles-summenzaehler-modell&#8220; _builder_version=&#8220;4.27.4&#8243; _module_preset=&#8220;default&#8220; global_colors_info=&#8220;{}&#8220;][\/et_pb_image][\/et_pb_column][et_pb_column type=&#8220;1_2&#8243; _builder_version=&#8220;4.19.5&#8243; _module_preset=&#8220;default&#8220; global_colors_info=&#8220;{}&#8220;][et_pb_text _builder_version=&#8220;4.27.4&#8243; _module_preset=&#8220;default&#8220; text_font=&#8220;|700|||||||&#8220; text_text_color=&#8220;#000000&#8243; text_font_size=&#8220;39px&#8220; text_line_height=&#8220;1.4em&#8220; header_2_font=&#8220;|700|||||||&#8220; header_2_font_size=&#8220;28px&#8220; header_2_line_height=&#8220;1.3em&#8220; global_colors_info=&#8220;{}&#8220;]<\/p>\n<h2><strong>Mieterstrom als Teil der Energiewende<\/strong><\/h2>\n<p>[\/et_pb_text][et_pb_text _builder_version=&#8220;4.19.1&#8243; _module_preset=&#8220;default&#8220; text_font=&#8220;||||||||&#8220; text_text_color=&#8220;#000000&#8243; text_font_size=&#8220;16px&#8220; custom_margin=&#8220;||-12px|||&#8220; custom_padding=&#8220;0px|||||&#8220; global_colors_info=&#8220;{}&#8220;]<\/p>\n<p>Mieterstrom ist ein wichtiger Bestandteil der Energiewende in Deutschland. Gerade in St\u00e4dten mit hohem Anteil an Mietwohnungen ist Mieterstrom eine ideale L\u00f6sung, um mehr Menschen den Zugang zu erneuerbaren Energien zu erm\u00f6glichen. Durch Mieterstrom k\u00f6nnen Mieter ohne eigenes Dach von Solarstrom profitieren und gleichzeitig etwas f\u00fcr den Klimaschutz tun.<\/p>\n<p>SolarProjekt 3S hat sich auf die Planung und Umsetzung solcher Projekte spezialisiert. Auf ihrer Website zeigen sie, wie einfach Mieterstrom umgesetzt werden kann. Von der Installation der Solaranlagen bis zur Abrechnung des Stroms bietet SolarProjekt 3S eine umfassende Unterst\u00fctzung \u2013 f\u00fcr Vermieter und Mieter gleicherma\u00dfen.<\/p>\n<p>Mit Mieterstrom wird nicht nur die Umwelt geschont, sondern auch eine nachhaltige, kosteng\u00fcnstige Energieversorgung f\u00fcr alle Beteiligten geschaffen. Dieses Modell ist ein Gewinn f\u00fcr die Energiewende, f\u00fcr Mieter und Vermieter gleicherma\u00dfen.<\/p>\n<p>[\/et_pb_text][\/et_pb_column][\/et_pb_row][\/et_pb_section]<\/p>\n","protected":false},"excerpt":{"rendered":"<p>Mieterstrom: Nachhaltige Energie direkt vom Dach f\u00fcr alleMieterstrom ist eine zukunftsweisende M\u00f6glichkeit, die Energiewende voranzutreiben und dabei die Stromkosten f\u00fcr Mieter zu senken. Dieses innovative Modell bietet sowohl Mietern als auch Vermietern zahlreiche Vorteile und bringt saubere Energie direkt in Mehrfamilienh\u00e4user. Besonders Unternehmen wie SolarProjekt 3S unterst\u00fctzen dabei, die Potenziale von Mieterstrom vollst\u00e4ndig auszusch\u00f6pfen. Doch [&hellip;]<\/p>\n","protected":false},"author":2,"featured_media":0,"parent":0,"menu_order":0,"comment_status":"closed","ping_status":"closed","template":"","meta":{"_et_pb_use_builder":"on","_et_pb_old_content":"","_et_gb_content_width":"","footnotes":""},"class_list":["post-767","page","type-page","status-publish","hentry"],"_links":{"self":[{"href":"https:\/\/solarprojekt-3s.de\/en\/wp-json\/wp\/v2\/pages\/767","targetHints":{"allow":["GET"]}}],"collection":[{"href":"https:\/\/solarprojekt-3s.de\/en\/wp-json\/wp\/v2\/pages"}],"about":[{"href":"https:\/\/solarprojekt-3s.de\/en\/wp-json\/wp\/v2\/types\/page"}],"author":[{"embeddable":true,"href":"https:\/\/solarprojekt-3s.de\/en\/wp-json\/wp\/v2\/users\/2"}],"replies":[{"embeddable":true,"href":"https:\/\/solarprojekt-3s.de\/en\/wp-json\/wp\/v2\/comments?post=767"}],"version-history":[{"count":14,"href":"https:\/\/solarprojekt-3s.de\/en\/wp-json\/wp\/v2\/pages\/767\/revisions"}],"predecessor-version":[{"id":788,"href":"https:\/\/solarprojekt-3s.de\/en\/wp-json\/wp\/v2\/pages\/767\/revisions\/788"}],"wp:attachment":[{"href":"https:\/\/solarprojekt-3s.de\/en\/wp-json\/wp\/v2\/media?parent=767"}],"curies":[{"name":"wp","href":"https:\/\/api.w.org\/{rel}","templated":true}]}}