{"id":800,"date":"2025-04-14T15:22:13","date_gmt":"2025-04-14T15:22:13","guid":{"rendered":"https:\/\/solarprojekt-3s.de\/?page_id=800"},"modified":"2025-04-14T15:38:45","modified_gmt":"2025-04-14T15:38:45","slug":"dynamische-stromtarife","status":"publish","type":"page","link":"https:\/\/solarprojekt-3s.de\/en\/dynamische-stromtarife\/","title":{"rendered":"Dynamische Stromtarife: Eine intelligente L\u00f6sung f\u00fcr Kostenersparnis und Nachhaltigkeit"},"content":{"rendered":"<p>[et_pb_section fb_built=&#8220;1&#8243; disabled_on=&#8220;off|off|off&#8220; module_id=&#8220;mood&#8220; _builder_version=&#8220;4.25.1&#8243; _module_preset=&#8220;default&#8220; background_image=&#8220;https:\/\/solarprojekt-3s.de\/wp-content\/uploads\/2023\/04\/sauberer_strom_bessere_zukunft.webp&#8220; min_height=&#8220;500px&#8220; custom_margin=&#8220;0px|0px|0px|0px|true|true&#8220; custom_padding=&#8220;50px|0px|0px|0px|false|true&#8220; scroll_vertical_motion=&#8220;0|55|55|100|0|0|-2&#8243; motion_trigger_start=&#8220;top&#8220; collapsed=&#8220;off&#8220; global_colors_info=&#8220;{}&#8220;][et_pb_row column_structure=&#8220;1_2,1_2&#8243; _builder_version=&#8220;4.25.1&#8243; _module_preset=&#8220;default&#8220; max_width_tablet=&#8220;&#8220; max_width_phone=&#8220;100%&#8220; max_width_last_edited=&#8220;on|phone&#8220; global_colors_info=&#8220;{}&#8220;][et_pb_column type=&#8220;1_2&#8243; _builder_version=&#8220;4.19.1&#8243; _module_preset=&#8220;default&#8220; global_colors_info=&#8220;{}&#8220;][et_pb_text _builder_version=&#8220;4.27.4&#8243; _module_preset=&#8220;default&#8220; text_font=&#8220;|700|||||||&#8220; text_text_color=&#8220;#000000&#8243; text_font_size=&#8220;39px&#8220; text_line_height=&#8220;1.4em&#8220; header_font=&#8220;|700|||||||&#8220; header_text_color=&#8220;#000000&#8243; header_line_height=&#8220;1.3em&#8220; transform_translate_linked=&#8220;off&#8220; custom_margin=&#8220;100px||||false|false&#8220; custom_padding=&#8220;||||false|false&#8220; scroll_vertical_motion=&#8220;0|49|49|100|0|0|2.5&#8243; scroll_horizontal_motion=&#8220;0|90|90|100|-1|2|6&#8243; scroll_fade=&#8220;0|50|50|100|100%|100|50%&#8220; scroll_scaling=&#8220;0|58|58|100|100%|100%|300%&#8220; motion_trigger_start=&#8220;bottom&#8220; header_font_size_tablet=&#8220;36px&#8220; header_font_size_phone=&#8220;28px&#8220; header_font_size_last_edited=&#8220;on|phone&#8220; custom_css_main_element=&#8220;z-index:99;&#8220; global_colors_info=&#8220;{}&#8220;]<\/p>\n<h1><strong>Dynamische Stromtarife: Eine intelligente L\u00f6sung f\u00fcr Kostenersparnis und Nachhaltigkeit<\/strong><\/h1>\n<p>[\/et_pb_text][et_pb_text _builder_version=&#8220;4.27.4&#8243; _module_preset=&#8220;default&#8220; text_font=&#8220;||||||||&#8220; text_text_color=&#8220;#000000&#8243; text_font_size=&#8220;16px&#8220; background_color=&#8220;rgba(255,255,255,0.9)&#8220; custom_margin=&#8220;50px||||false|false&#8220; custom_padding=&#8220;14px|20px|20px|20px|false|true&#8220; custom_padding_tablet=&#8220;14px|20px|20px|20px|false|true&#8220; custom_padding_phone=&#8220;0px|0px|0px|0px|false|true&#8220; custom_padding_last_edited=&#8220;on|phone&#8220; border_radii=&#8220;on|12px|12px|12px|12px&#8220; global_colors_info=&#8220;{}&#8220;]<\/p>\n<p><strong>Dynamische Stromtarife<\/strong> bieten Verbrauchern die M\u00f6glichkeit, Stromkosten zu optimieren und gleichzeitig die Energiewende aktiv zu unterst\u00fctzen. Dieses moderne Tarifmodell gewinnt immer mehr an Bedeutung, da es sich flexibel an die Stromerzeugung und -nachfrage anpasst. Durch intelligente Technologien wie Smart Meter k\u00f6nnen Haushalte von niedrigeren Preisen profitieren und ihren Energieverbrauch nachhaltiger gestalten. Doch was genau steckt hinter <strong>dynamischen Stromtarifen<\/strong>, und warum sind sie so zukunftsweisend?<\/p>\n<p>[\/et_pb_text][\/et_pb_column][et_pb_column type=&#8220;1_2&#8243; _builder_version=&#8220;4.19.1&#8243; _module_preset=&#8220;default&#8220; global_colors_info=&#8220;{}&#8220;][\/et_pb_column][\/et_pb_row][\/et_pb_section][et_pb_section fb_built=&#8220;1&#8243; module_id=&#8220;pv-pakete&#8220; _builder_version=&#8220;4.25.1&#8243; _module_preset=&#8220;default&#8220; max_width_tablet=&#8220;&#8220; max_width_phone=&#8220;&#8220; max_width_last_edited=&#8220;on|desktop&#8220; global_colors_info=&#8220;{}&#8220;][et_pb_row column_structure=&#8220;1_2,1_2&#8243; _builder_version=&#8220;4.25.1&#8243; _module_preset=&#8220;default&#8220; max_width_tablet=&#8220;&#8220; max_width_phone=&#8220;100%&#8220; max_width_last_edited=&#8220;on|phone&#8220; min_height=&#8220;551.2px&#8220; custom_margin=&#8220;90px|auto|90px|auto||&#8220; global_colors_info=&#8220;{}&#8220;][et_pb_column type=&#8220;1_2&#8243; _builder_version=&#8220;4.19.1&#8243; _module_preset=&#8220;default&#8220; global_colors_info=&#8220;{}&#8220;][et_pb_text _builder_version=&#8220;4.27.4&#8243; _module_preset=&#8220;default&#8220; text_font=&#8220;|700|||||||&#8220; text_text_color=&#8220;#000000&#8243; text_font_size=&#8220;36px&#8220; text_line_height=&#8220;1.3em&#8220; header_2_font=&#8220;|700|||||||&#8220; header_2_text_color=&#8220;#000000&#8243; header_2_font_size=&#8220;36px&#8220; header_2_line_height=&#8220;1.3em&#8220; transform_translate_linked=&#8220;off&#8220; custom_margin=&#8220;||||false|false&#8220; custom_padding=&#8220;||0px||false|false&#8220; scroll_vertical_motion=&#8220;0|52|52|100|0.5|0|0&#8243; scroll_horizontal_motion=&#8220;0|52|52|100|-1|0|0&#8243; scroll_fade_enable=&#8220;on&#8220; scroll_fade=&#8220;0|100|100|100|0%|100%|100%&#8220; scroll_scaling=&#8220;0|50|50|100|150%|100%|100%&#8220; motion_trigger_start=&#8220;bottom&#8220; header_2_font_size_tablet=&#8220;36px&#8220; header_2_font_size_phone=&#8220;28px&#8220; header_2_font_size_last_edited=&#8220;on|phone&#8220; global_colors_info=&#8220;{}&#8220;]<\/p>\n<h2><strong>Was sind Dynamische Stromtarife?<\/strong><\/h2>\n<p>[\/et_pb_text][et_pb_text _builder_version=&#8220;4.19.4&#8243; _module_preset=&#8220;default&#8220; text_font=&#8220;||||||||&#8220; text_text_color=&#8220;#000000&#8243; text_font_size=&#8220;16px&#8220; hover_enabled=&#8220;0&#8243; global_colors_info=&#8220;{}&#8220; custom_padding=&#8220;3px|||||&#8220; sticky_enabled=&#8220;0&#8243; min_height=&#8220;359px&#8220;]<\/p>\n<p><strong>Dynamische Stromtarife<\/strong> basieren auf der Idee, dass Strompreise nicht fix sind, sondern sich an den aktuellen Marktbedingungen orientieren. Das bedeutet, dass der Strom in Zeiten eines \u00dcberangebots \u2013 etwa wenn viel Solar- oder Windenergie ins Netz eingespeist wird \u2013 g\u00fcnstiger ist. Umgekehrt steigen die Preise bei hoher Nachfrage oder geringer Verf\u00fcgbarkeit.<\/p>\n<p>Diese Tarife nutzen Smart Meter, um den Verbrauch minutengenau zu messen. Verbraucher zahlen somit nicht einen pauschalen Preis, sondern richten sich nach den realen Marktpreisen. Dies macht <strong>dynamische Stromtarife<\/strong> sowohl f\u00fcr Haushalte als auch f\u00fcr Gewerbebetriebe interessant, da sie Transparenz und Flexibilit\u00e4t erm\u00f6glichen.<\/p>\n<p>[\/et_pb_text][\/et_pb_column][et_pb_column type=&#8220;1_2&#8243; _builder_version=&#8220;4.19.1&#8243; _module_preset=&#8220;default&#8220; global_colors_info=&#8220;{}&#8220;][et_pb_text _builder_version=&#8220;4.27.4&#8243; _module_preset=&#8220;default&#8220; text_font=&#8220;|700|||||||&#8220; text_text_color=&#8220;#000000&#8243; text_font_size=&#8220;36px&#8220; text_line_height=&#8220;1.3em&#8220; header_2_font=&#8220;|700|||||||&#8220; header_2_text_color=&#8220;#000000&#8243; header_2_font_size=&#8220;36px&#8220; header_2_line_height=&#8220;1.3em&#8220; transform_translate_linked=&#8220;off&#8220; custom_margin=&#8220;||||false|false&#8220; custom_padding=&#8220;||0px||false|false&#8220; scroll_vertical_motion=&#8220;0|52|52|100|0.5|0|0&#8243; scroll_horizontal_motion=&#8220;0|52|52|100|-1|0|0&#8243; scroll_fade_enable=&#8220;on&#8220; scroll_fade=&#8220;0|100|100|100|0%|100%|100%&#8220; scroll_scaling=&#8220;0|50|50|100|150%|100%|100%&#8220; motion_trigger_start=&#8220;bottom&#8220; header_2_font_size_tablet=&#8220;36px&#8220; header_2_font_size_phone=&#8220;28px&#8220; header_2_font_size_last_edited=&#8220;on|phone&#8220; global_colors_info=&#8220;{}&#8220;]<\/p>\n<p><strong>Vorteile von Dynamischen Stromtarifen<\/strong><\/p>\n<p>[\/et_pb_text][et_pb_text _builder_version=&#8220;4.27.4&#8243; _module_preset=&#8220;default&#8220; text_font=&#8220;||||||||&#8220; text_text_color=&#8220;#000000&#8243; text_font_size=&#8220;16px&#8220; hover_enabled=&#8220;0&#8243; global_colors_info=&#8220;{}&#8220; sticky_enabled=&#8220;0&#8243;]<\/p>\n<p><strong>Dynamische Stromtarife<\/strong> bieten zahlreiche Vorteile: Verbraucher k\u00f6nnen durch flexible Nutzung besonders g\u00fcnstiger Zeitfenster ihre Stromkosten senken, beispielsweise indem sie Elektroautos nachts laden, wenn die Nachfrage niedrig ist. Gleichzeitig f\u00f6rdern sie die Nachhaltigkeit, da sie den Stromverbrauch auf Zeiten hoher Verf\u00fcgbarkeit erneuerbarer Energien wie Solar- und Windkraft lenken. Dank Smart Metern erhalten Nutzer zudem volle Kostenkontrolle und einen pr\u00e4zisen \u00dcberblick \u00fcber Verbrauch und Preise. Dar\u00fcber hinaus helfen dynamische Stromtarife, Lastspitzen im Stromnetz zu reduzieren, was die Netzstabilit\u00e4t langfristig st\u00e4rkt.<\/p>\n<p>[\/et_pb_text][\/et_pb_column][\/et_pb_row][\/et_pb_section][et_pb_section fb_built=&#8220;1&#8243; fullwidth=&#8220;on&#8220; _builder_version=&#8220;4.27.4&#8243; _module_preset=&#8220;default&#8220; background_image=&#8220;https:\/\/solarprojekt-3s.de\/wp-content\/uploads\/2025\/04\/mieterstrom-durch-pv-anlage.jpg&#8220; custom_margin=&#8220;||-1px|||&#8220; custom_padding=&#8220;||278px|||&#8220; global_colors_info=&#8220;{}&#8220;][\/et_pb_section][et_pb_section fb_built=&#8220;1&#8243; module_id=&#8220;reinigung&#8220; _builder_version=&#8220;4.27.4&#8243; _module_preset=&#8220;default&#8220; background_color=&#8220;rgba(0,0,0,0.1)&#8220; global_colors_info=&#8220;{}&#8220;][et_pb_row column_structure=&#8220;1_2,1_2&#8243; _builder_version=&#8220;4.25.1&#8243; _module_preset=&#8220;default&#8220; max_width_tablet=&#8220;&#8220; max_width_phone=&#8220;100%&#8220; max_width_last_edited=&#8220;on|phone&#8220; custom_margin=&#8220;90px|auto||auto||&#8220; custom_padding=&#8220;||94px|||&#8220; global_colors_info=&#8220;{}&#8220;][et_pb_column type=&#8220;1_2&#8243; _builder_version=&#8220;4.19.1&#8243; _module_preset=&#8220;default&#8220; global_colors_info=&#8220;{}&#8220;][et_pb_text _builder_version=&#8220;4.27.4&#8243; _module_preset=&#8220;default&#8220; text_font=&#8220;|700|||||||&#8220; text_text_color=&#8220;#000000&#8243; text_font_size=&#8220;39px&#8220; text_line_height=&#8220;1.4em&#8220; header_2_font=&#8220;|700|||||||&#8220; header_2_text_color=&#8220;#000000&#8243; header_2_font_size=&#8220;28px&#8220; header_2_line_height=&#8220;1.3em&#8220; global_colors_info=&#8220;{}&#8220;]<\/p>\n<h2><strong>Dynamische Stromtarife im Alltag<\/strong><\/h2>\n<p>[\/et_pb_text][et_pb_text _builder_version=&#8220;4.19.1&#8243; _module_preset=&#8220;default&#8220; text_font=&#8220;||||||||&#8220; text_text_color=&#8220;#000000&#8243; text_font_size=&#8220;16px&#8220; custom_padding=&#8220;||0px|||&#8220; global_colors_info=&#8220;{}&#8220;]<\/p>\n<p><strong>Dynamische Stromtarife<\/strong> sind besonders f\u00fcr Haushalte geeignet, die \u00fcber eine gewisse Flexibilit\u00e4t in ihrem Energieverbrauch verf\u00fcgen. Besitzer von Elektroautos, Photovoltaikanlagen oder W\u00e4rmepumpen k\u00f6nnen besonders profitieren. Durch die M\u00f6glichkeit, energieintensive Ger\u00e4te gezielt zu g\u00fcnstigen Zeiten zu nutzen, sind Einsparungen von bis zu 20 Prozent m\u00f6glich.<\/p>\n<p>F\u00fcr den Alltag bedeutet dies allerdings auch eine Umstellung. Nutzer m\u00fcssen sich darauf einstellen, ihren Verbrauch an <strong>dynamische Stromtarife<\/strong> anzupassen. Daf\u00fcr gibt es jedoch praktische Apps und smarte Steuerungssysteme, die den Verbrauch automatisiert in die g\u00fcnstigsten Zeitfenster verlagern.<\/p>\n<p>[\/et_pb_text][\/et_pb_column][et_pb_column type=&#8220;1_2&#8243; _builder_version=&#8220;4.19.1&#8243; _module_preset=&#8220;default&#8220; global_colors_info=&#8220;{}&#8220;][et_pb_image src=&#8220;https:\/\/solarprojekt-3s.de\/wp-content\/uploads\/2024\/08\/mieterstrom-abrechnung.webp&#8220; alt=&#8220;Professionelle Mieterstrom-Abrechnung&#8220; title_text=&#8220;mieterstrom-abrechnung&#8220; _builder_version=&#8220;4.27.4&#8243; _module_preset=&#8220;default&#8220; scroll_horizontal_motion_enable=&#8220;on&#8220; scroll_horizontal_motion=&#8220;0|48|48|100|5|0|0&#8243; border_radii=&#8220;on|12px|12px|12px|12px&#8220; global_colors_info=&#8220;{}&#8220;][\/et_pb_image][\/et_pb_column][\/et_pb_row][\/et_pb_section][et_pb_section fb_built=&#8220;1&#8243; module_id=&#8220;kontakt&#8220; _builder_version=&#8220;4.27.4&#8243; _module_preset=&#8220;default&#8220; background_color=&#8220;gcid-primary-color&#8220; hover_enabled=&#8220;0&#8243; global_colors_info=&#8220;{%22gcid-primary-color%22:%91%22background_color%22%93}&#8220; sticky_enabled=&#8220;0&#8243;][et_pb_row column_structure=&#8220;1_2,1_2&#8243; custom_padding_last_edited=&#8220;on|phone&#8220; _builder_version=&#8220;4.25.1&#8243; _module_preset=&#8220;default&#8220; max_width_tablet=&#8220;&#8220; max_width_phone=&#8220;100%&#8220; max_width_last_edited=&#8220;on|phone&#8220; custom_margin=&#8220;90px|auto|88px|auto|false|false&#8220; custom_padding=&#8220;||||false|false&#8220; custom_padding_tablet=&#8220;||||false|false&#8220; custom_padding_phone=&#8220;0px||||false|false&#8220; global_colors_info=&#8220;{}&#8220; min_height=&#8220;492.6px&#8220;][et_pb_column type=&#8220;1_2&#8243; _builder_version=&#8220;4.19.1&#8243; _module_preset=&#8220;default&#8220; global_colors_info=&#8220;{}&#8220;][et_pb_image src=&#8220;https:\/\/solarprojekt-3s.de\/wp-content\/uploads\/2023\/05\/pv-paket-p.webp&#8220; alt=&#8220;Solarprojekt 3s Paket Planung&#8220; title_text=&#8220;pv-paket-p&#8220; _builder_version=&#8220;4.27.4&#8243; _module_preset=&#8220;default&#8220; scroll_horizontal_motion_enable=&#8220;on&#8220; scroll_horizontal_motion=&#8220;0|48|48|100|5|0|0&#8243; hover_enabled=&#8220;0&#8243; border_radii=&#8220;on|12px|12px|12px|12px&#8220; global_colors_info=&#8220;{}&#8220; sticky_enabled=&#8220;0&#8243; custom_margin=&#8220;||-1px|||&#8220; min_height=&#8220;411px&#8220;][\/et_pb_image][\/et_pb_column][et_pb_column type=&#8220;1_2&#8243; _builder_version=&#8220;4.19.5&#8243; _module_preset=&#8220;default&#8220; global_colors_info=&#8220;{}&#8220;][et_pb_text _builder_version=&#8220;4.27.4&#8243; _module_preset=&#8220;default&#8220; hover_enabled=&#8220;0&#8243; sticky_enabled=&#8220;0&#8243; header_text_color=&#8220;#FFFFFF&#8220;]<\/p>\n<h2><span style=\"color: #ffffff;\"><strong>Herausforderungen bei Dynamischen Stromtarifen<\/strong><\/span><\/h2>\n<p>[\/et_pb_text][et_pb_text _builder_version=&#8220;4.27.4&#8243; _module_preset=&#8220;default&#8220; hover_enabled=&#8220;0&#8243; global_colors_info=&#8220;{}&#8220; text_text_color=&#8220;#FFFFFF&#8220; sticky_enabled=&#8220;0&#8243;]<\/p>\n<h2><span style=\"font-size: 17px; color: #ffffff;\">Auch wenn <strong>dynamische Stromtarife<\/strong> viele Vorteile bieten, gibt es Herausforderungen. Eine davon ist die Verf\u00fcgbarkeit von Smart Metern, die Voraussetzung f\u00fcr die Nutzung <strong>dynamischer Stromtarife<\/strong> sind. Zudem erfordert das Modell eine gewisse Bereitschaft, den Verbrauch aktiv zu steuern.<\/span><\/h2>\n<p>Dar\u00fcber hinaus k\u00f6nnen die Preisunterschiede je nach Tarifmodell und Anbieter variieren. Hier lohnt es sich, die Optionen genau zu vergleichen, um den besten Tarif zu finden. Plattformen wie Solar Projekt-3s GmbH bieten umfangreiche Informationen und Beratung zu <strong>dynamischen Stromtarifen<\/strong>.<\/p>\n<p>[\/et_pb_text][\/et_pb_column][\/et_pb_row][\/et_pb_section][et_pb_section fb_built=&#8220;1&#8243; _builder_version=&#8220;4.27.4&#8243; _module_preset=&#8220;default&#8220; global_colors_info=&#8220;{}&#8220;][et_pb_row _builder_version=&#8220;4.27.4&#8243; _module_preset=&#8220;default&#8220; global_colors_info=&#8220;{}&#8220; custom_margin=&#8220;84px|auto||auto||&#8220;][et_pb_column type=&#8220;4_4&#8243; _builder_version=&#8220;4.27.4&#8243; _module_preset=&#8220;default&#8220; global_colors_info=&#8220;{}&#8220;][et_pb_text _builder_version=&#8220;4.27.4&#8243; _module_preset=&#8220;default&#8220; global_colors_info=&#8220;{}&#8220;]<\/p>\n<h2 style=\"text-align: center;\"><strong>Warum Dynamische Stromtarife die Zukunft der Energieversorgung sind<\/strong><\/h2>\n<p>[\/et_pb_text][\/et_pb_column][\/et_pb_row][et_pb_row column_structure=&#8220;1_3,1_3,1_3&#8243; _builder_version=&#8220;4.27.4&#8243; _module_preset=&#8220;default&#8220; global_colors_info=&#8220;{}&#8220; custom_padding=&#8220;||90px|||&#8220;][et_pb_column type=&#8220;1_3&#8243; _builder_version=&#8220;4.27.4&#8243; _module_preset=&#8220;default&#8220; global_colors_info=&#8220;{}&#8220;][et_pb_icon font_icon=&#8220;&#x52;||divi||400&#8243; icon_width=&#8220;51px&#8220; _builder_version=&#8220;4.27.4&#8243; _module_preset=&#8220;default&#8220; global_colors_info=&#8220;{}&#8220;][\/et_pb_icon][et_pb_text _builder_version=&#8220;4.27.4&#8243; _module_preset=&#8220;default&#8220; custom_padding=&#8220;||0px|||&#8220; global_colors_info=&#8220;{}&#8220;]<\/p>\n<h3 style=\"text-align: center;\"><strong>F\u00f6rderung erneuerbarer Energien und CO\u2082-Reduktion<\/strong><\/h3>\n<p style=\"text-align: center;\"><strong>Dynamische Stromtarife<\/strong> schaffen Anreize, Strom verst\u00e4rkt dann zu nutzen, wenn erneuerbare Energien wie Solar- und Windkraft im \u00dcberfluss verf\u00fcgbar sind. Dies unterst\u00fctzt die Energiewende und reduziert den CO\u2082-Aussto\u00df<\/p>\n<p>[\/et_pb_text][\/et_pb_column][et_pb_column type=&#8220;1_3&#8243; _builder_version=&#8220;4.27.4&#8243; _module_preset=&#8220;default&#8220; global_colors_info=&#8220;{}&#8220;][et_pb_icon font_icon=&#8220;&#x52;||divi||400&#8243; icon_width=&#8220;51px&#8220; _builder_version=&#8220;4.27.4&#8243; _module_preset=&#8220;default&#8220; global_colors_info=&#8220;{}&#8220;][\/et_pb_icon][et_pb_text _builder_version=&#8220;4.27.4&#8243; _module_preset=&#8220;default&#8220; global_colors_info=&#8220;{}&#8220;]<\/p>\n<h3 style=\"text-align: center;\"><strong>Kosteneffizienz und Transparenz <\/strong><strong>f\u00fcr Verbraucher<\/strong><\/h3>\n<p style=\"text-align: center;\">Durch die Anpassung des Verbrauchs an g\u00fcnstige Zeitfenster profitieren Haushalte von niedrigeren Stromkosten. Gleichzeitig erm\u00f6glichen dynamische Tarife volle Transparenz \u00fcber Verbrauch und Preise.<\/p>\n<p>[\/et_pb_text][\/et_pb_column][et_pb_column type=&#8220;1_3&#8243; _builder_version=&#8220;4.27.4&#8243; _module_preset=&#8220;default&#8220; global_colors_info=&#8220;{}&#8220;][et_pb_icon font_icon=&#8220;&#x52;||divi||400&#8243; icon_width=&#8220;51px&#8220; _builder_version=&#8220;4.27.4&#8243; _module_preset=&#8220;default&#8220; global_colors_info=&#8220;{}&#8220;][\/et_pb_icon][et_pb_text _builder_version=&#8220;4.27.4&#8243; _module_preset=&#8220;default&#8220; global_colors_info=&#8220;{}&#8220;]<\/p>\n<h3 style=\"text-align: center;\"><strong>Individuelle Beratung und technische Umsetzung<\/strong><\/h3>\n<p style=\"text-align: center;\">F\u00fcr die optimale Nutzung <strong>dynamischer Stromtarife<\/strong> sind Smart Meter und technisches Know-how erforderlich. Anbieter wie Solar Projekt-3s GmbH helfen bei der Auswahl und Implementierung passender L\u00f6sungen.<\/p>\n<p>[\/et_pb_text][\/et_pb_column][\/et_pb_row][\/et_pb_section]<\/p>\n","protected":false},"excerpt":{"rendered":"<p>Dynamische Stromtarife: Eine intelligente L\u00f6sung f\u00fcr Kostenersparnis und NachhaltigkeitDynamische Stromtarife bieten Verbrauchern die M\u00f6glichkeit, Stromkosten zu optimieren und gleichzeitig die Energiewende aktiv zu unterst\u00fctzen. Dieses moderne Tarifmodell gewinnt immer mehr an Bedeutung, da es sich flexibel an die Stromerzeugung und -nachfrage anpasst. Durch intelligente Technologien wie Smart Meter k\u00f6nnen Haushalte von niedrigeren Preisen profitieren und [&hellip;]<\/p>\n","protected":false},"author":2,"featured_media":0,"parent":0,"menu_order":0,"comment_status":"closed","ping_status":"closed","template":"","meta":{"_et_pb_use_builder":"on","_et_pb_old_content":"","_et_gb_content_width":"","footnotes":""},"class_list":["post-800","page","type-page","status-publish","hentry"],"_links":{"self":[{"href":"https:\/\/solarprojekt-3s.de\/en\/wp-json\/wp\/v2\/pages\/800","targetHints":{"allow":["GET"]}}],"collection":[{"href":"https:\/\/solarprojekt-3s.de\/en\/wp-json\/wp\/v2\/pages"}],"about":[{"href":"https:\/\/solarprojekt-3s.de\/en\/wp-json\/wp\/v2\/types\/page"}],"author":[{"embeddable":true,"href":"https:\/\/solarprojekt-3s.de\/en\/wp-json\/wp\/v2\/users\/2"}],"replies":[{"embeddable":true,"href":"https:\/\/solarprojekt-3s.de\/en\/wp-json\/wp\/v2\/comments?post=800"}],"version-history":[{"count":5,"href":"https:\/\/solarprojekt-3s.de\/en\/wp-json\/wp\/v2\/pages\/800\/revisions"}],"predecessor-version":[{"id":809,"href":"https:\/\/solarprojekt-3s.de\/en\/wp-json\/wp\/v2\/pages\/800\/revisions\/809"}],"wp:attachment":[{"href":"https:\/\/solarprojekt-3s.de\/en\/wp-json\/wp\/v2\/media?parent=800"}],"curies":[{"name":"wp","href":"https:\/\/api.w.org\/{rel}","templated":true}]}}